{"id":2059,"date":"2018-11-26T12:45:57","date_gmt":"2018-11-26T12:45:57","guid":{"rendered":"https:\/\/www.auagre.com\/acerca-de\/"},"modified":"2024-01-17T03:16:44","modified_gmt":"2024-01-17T03:16:44","slug":"acerca-de","status":"publish","type":"page","link":"https:\/\/www.auagre.com\/es\/acerca-de\/","title":{"rendered":"Acerca de"},"content":{"rendered":"\t\t<div data-elementor-type=\"wp-post\" data-elementor-id=\"2059\" class=\"elementor elementor-2059 elementor-631\" data-elementor-post-type=\"page\">\n\t\t\t\t\t\t\t\t\t<section class=\"elementor-section elementor-top-section elementor-element elementor-element-1b5d768b elementor-section-content-middle elementor-section-boxed elementor-section-height-default elementor-section-height-default\" data-id=\"1b5d768b\" data-element_type=\"section\" data-settings=\"{&quot;background_background&quot;:&quot;classic&quot;}\">\n\t\t\t\t\t\t\t<div class=\"elementor-background-overlay\"><\/div>\n\t\t\t\t\t\t\t<div class=\"elementor-container elementor-column-gap-no\">\n\t\t\t\t\t<div class=\"elementor-column elementor-col-100 elementor-top-column elementor-element elementor-element-1608c15b\" data-id=\"1608c15b\" data-element_type=\"column\">\n\t\t\t<div class=\"elementor-widget-wrap elementor-element-populated\">\n\t\t\t\t\t\t\t\t<div class=\"elementor-element elementor-element-321a34b8 elementor-widget elementor-widget-heading\" data-id=\"321a34b8\" data-element_type=\"widget\" data-widget_type=\"heading.default\">\n\t\t\t\t<div class=\"elementor-widget-container\">\n\t\t\t<style>\/*! elementor - v3.18.0 - 20-12-2023 *\/\n.elementor-heading-title{padding:0;margin:0;line-height:1}.elementor-widget-heading .elementor-heading-title[class*=elementor-size-]>a{color:inherit;font-size:inherit;line-height:inherit}.elementor-widget-heading .elementor-heading-title.elementor-size-small{font-size:15px}.elementor-widget-heading .elementor-heading-title.elementor-size-medium{font-size:19px}.elementor-widget-heading .elementor-heading-title.elementor-size-large{font-size:29px}.elementor-widget-heading .elementor-heading-title.elementor-size-xl{font-size:39px}.elementor-widget-heading .elementor-heading-title.elementor-size-xxl{font-size:59px}<\/style><h1 class=\"elementor-heading-title elementor-size-default\">Qui\u00e9nes somos<\/h1>\t\t<\/div>\n\t\t\t\t<\/div>\n\t\t\t\t\t<\/div>\n\t\t<\/div>\n\t\t\t\t\t\t\t<\/div>\n\t\t<\/section>\n\t\t\t\t<section class=\"elementor-section elementor-top-section elementor-element elementor-element-54dfedde elementor-section-content-top elementor-section-boxed elementor-section-height-default elementor-section-height-default\" data-id=\"54dfedde\" data-element_type=\"section\" data-settings=\"{&quot;background_background&quot;:&quot;classic&quot;}\">\n\t\t\t\t\t\t<div class=\"elementor-container elementor-column-gap-no\">\n\t\t\t\t\t<div class=\"elementor-column elementor-col-50 elementor-top-column elementor-element elementor-element-3b5232b7\" data-id=\"3b5232b7\" data-element_type=\"column\">\n\t\t\t<div class=\"elementor-widget-wrap elementor-element-populated\">\n\t\t\t\t\t\t\t\t<div class=\"elementor-element elementor-element-3f123748 elementor-widget elementor-widget-heading\" data-id=\"3f123748\" data-element_type=\"widget\" data-widget_type=\"heading.default\">\n\t\t\t\t<div class=\"elementor-widget-container\">\n\t\t\t<h5 class=\"elementor-heading-title elementor-size-default\">Soluciones industriales de alta calidad\n<\/h5>\t\t<\/div>\n\t\t\t\t<\/div>\n\t\t\t\t<div class=\"elementor-element elementor-element-ac1409d elementor-widget elementor-widget-heading\" data-id=\"ac1409d\" data-element_type=\"widget\" data-widget_type=\"heading.default\">\n\t\t\t\t<div class=\"elementor-widget-container\">\n\t\t\t<h2 class=\"elementor-heading-title elementor-size-default\">Proporcionamos soluciones innovadoras en tecnolog\u00eda de eyectores y torres de refrigeraci\u00f3n.<\/h2>\t\t<\/div>\n\t\t\t\t<\/div>\n\t\t\t\t\t<\/div>\n\t\t<\/div>\n\t\t\t\t<div class=\"elementor-column elementor-col-50 elementor-top-column elementor-element elementor-element-3cf1fd6\" data-id=\"3cf1fd6\" data-element_type=\"column\">\n\t\t\t<div class=\"elementor-widget-wrap elementor-element-populated\">\n\t\t\t\t\t\t\t\t<div class=\"elementor-element elementor-element-8f14f19 elementor-widget elementor-widget-heading\" data-id=\"8f14f19\" data-element_type=\"widget\" data-widget_type=\"heading.default\">\n\t\t\t\t<div class=\"elementor-widget-container\">\n\t\t\t<h3 class=\"elementor-heading-title elementor-size-default\">Desde el a\u00f1o 2000, nuestro equipo se ha dedicado a mejorar la tecnolog\u00eda actual de eyectores y torres de refrigeraci\u00f3n.<\/h3>\t\t<\/div>\n\t\t\t\t<\/div>\n\t\t\t\t<div class=\"elementor-element elementor-element-48d89661 elementor-widget elementor-widget-text-editor\" data-id=\"48d89661\" data-element_type=\"widget\" data-widget_type=\"text-editor.default\">\n\t\t\t\t<div class=\"elementor-widget-container\">\n\t\t\t<style>\/*! elementor - v3.18.0 - 20-12-2023 *\/\n.elementor-widget-text-editor.elementor-drop-cap-view-stacked .elementor-drop-cap{background-color:#69727d;color:#fff}.elementor-widget-text-editor.elementor-drop-cap-view-framed .elementor-drop-cap{color:#69727d;border:3px solid;background-color:transparent}.elementor-widget-text-editor:not(.elementor-drop-cap-view-default) .elementor-drop-cap{margin-top:8px}.elementor-widget-text-editor:not(.elementor-drop-cap-view-default) .elementor-drop-cap-letter{width:1em;height:1em}.elementor-widget-text-editor .elementor-drop-cap{float:left;text-align:center;line-height:1;font-size:50px}.elementor-widget-text-editor .elementor-drop-cap-letter{display:inline-block}<\/style>\t\t\t\t<p>AUAGRE se fund\u00f3 en Chengdu (China) en 2000. A d\u00eda de hoy, hemos establecido nuestra oficina en el Reino Unido para operar en el extranjero. Permitir que el mundo sea testigo del desarrollo de la China Moderna y de las NOVEDADES TECNOL\u00d3GICAS CHINAS&nbsp; Sistemas de Eyector de Vac\u00edo y Soluciones Innovadoras de Torres de Enfriamiento para todas las industrias.<\/p>\n\t\t\t\t\t\t<\/div>\n\t\t\t\t<\/div>\n\t\t\t\t\t<\/div>\n\t\t<\/div>\n\t\t\t\t\t\t\t<\/div>\n\t\t<\/section>\n\t\t\t\t<section class=\"elementor-section elementor-top-section elementor-element elementor-element-187f1669 elementor-section-boxed elementor-section-height-default elementor-section-height-default\" data-id=\"187f1669\" data-element_type=\"section\" data-settings=\"{&quot;background_background&quot;:&quot;classic&quot;}\">\n\t\t\t\t\t\t<div class=\"elementor-container elementor-column-gap-default\">\n\t\t\t\t\t<div class=\"elementor-column elementor-col-25 elementor-top-column elementor-element elementor-element-1cee7c30\" data-id=\"1cee7c30\" data-element_type=\"column\">\n\t\t\t<div class=\"elementor-widget-wrap\">\n\t\t\t\t\t\t\t\t\t<\/div>\n\t\t<\/div>\n\t\t\t\t<div class=\"elementor-column elementor-col-25 elementor-top-column elementor-element elementor-element-38533178\" data-id=\"38533178\" data-element_type=\"column\">\n\t\t\t<div class=\"elementor-widget-wrap elementor-element-populated\">\n\t\t\t\t\t\t\t\t<div class=\"elementor-element elementor-element-6b858d7 elementor-widget elementor-widget-heading\" data-id=\"6b858d7\" data-element_type=\"widget\" data-widget_type=\"heading.default\">\n\t\t\t\t<div class=\"elementor-widget-container\">\n\t\t\t<h3 class=\"elementor-heading-title elementor-size-default\">\u00bfNecesita ayuda con Easier Industrial Solutions? We Are Experts!<\/h3>\t\t<\/div>\n\t\t\t\t<\/div>\n\t\t\t\t\t<\/div>\n\t\t<\/div>\n\t\t\t\t<div class=\"elementor-column elementor-col-25 elementor-top-column elementor-element elementor-element-20c4516d\" data-id=\"20c4516d\" data-element_type=\"column\">\n\t\t\t<div class=\"elementor-widget-wrap elementor-element-populated\">\n\t\t\t\t\t\t\t\t<div class=\"elementor-element elementor-element-4e0ea1e7 elementor-align-center elementor-widget elementor-widget-button\" data-id=\"4e0ea1e7\" data-element_type=\"widget\" data-widget_type=\"button.default\">\n\t\t\t\t<div class=\"elementor-widget-container\">\n\t\t\t\t\t<div class=\"elementor-button-wrapper\">\n\t\t\t<a class=\"elementor-button elementor-button-link elementor-size-sm\" href=\"#\">\n\t\t\t\t\t\t<span class=\"elementor-button-content-wrapper\">\n\t\t\t\t\t\t<span class=\"elementor-button-text\">M\u00e1s informaci\u00f3n<\/span>\n\t\t<\/span>\n\t\t\t\t\t<\/a>\n\t\t<\/div>\n\t\t\t\t<\/div>\n\t\t\t\t<\/div>\n\t\t\t\t\t<\/div>\n\t\t<\/div>\n\t\t\t\t<div class=\"elementor-column elementor-col-25 elementor-top-column elementor-element elementor-element-3d1a34c\" data-id=\"3d1a34c\" data-element_type=\"column\">\n\t\t\t<div class=\"elementor-widget-wrap\">\n\t\t\t\t\t\t\t\t\t<\/div>\n\t\t<\/div>\n\t\t\t\t\t\t\t<\/div>\n\t\t<\/section>\n\t\t\t\t\t\t\t<\/div>\n\t\t","protected":false},"excerpt":{"rendered":"<p>Qui\u00e9nes somos Soluciones industriales de alta calidad Proporcionamos soluciones innovadoras en tecnolog\u00eda de eyectores y torres de refrigeraci\u00f3n. Desde el a\u00f1o 2000, nuestro equipo se ha dedicado a mejorar la tecnolog\u00eda actual de eyectores y torres de refrigeraci\u00f3n. AUAGRE se fund\u00f3 en Chengdu (China) en 2000. A d\u00eda de hoy, hemos establecido nuestra oficina en [&hellip;]<\/p>\n","protected":false},"author":1,"featured_media":0,"parent":0,"menu_order":0,"comment_status":"closed","ping_status":"closed","template":"","meta":{"_uag_custom_page_level_css":"","site-sidebar-layout":"no-sidebar","site-content-layout":"page-builder","ast-site-content-layout":"","site-content-style":"default","site-sidebar-style":"default","ast-global-header-display":"","ast-banner-title-visibility":"","ast-main-header-display":"","ast-hfb-above-header-display":"","ast-hfb-below-header-display":"","ast-hfb-mobile-header-display":"","site-post-title":"disabled","ast-breadcrumbs-content":"","ast-featured-img":"disabled","footer-sml-layout":"","theme-transparent-header-meta":"enabled","adv-header-id-meta":"","stick-header-meta":"","header-above-stick-meta":"","header-main-stick-meta":"","header-below-stick-meta":"","astra-migrate-meta-layouts":"default","ast-page-background-enabled":"default","ast-page-background-meta":{"desktop":{"background-color":"","background-image":"","background-repeat":"repeat","background-position":"center center","background-size":"auto","background-attachment":"scroll","background-type":"","background-media":"","overlay-type":"","overlay-color":"","overlay-gradient":""},"tablet":{"background-color":"","background-image":"","background-repeat":"repeat","background-position":"center center","background-size":"auto","background-attachment":"scroll","background-type":"","background-media":"","overlay-type":"","overlay-color":"","overlay-gradient":""},"mobile":{"background-color":"","background-image":"","background-repeat":"repeat","background-position":"center center","background-size":"auto","background-attachment":"scroll","background-type":"","background-media":"","overlay-type":"","overlay-color":"","overlay-gradient":""}},"ast-content-background-meta":{"desktop":{"background-color":"var(--ast-global-color-5)","background-image":"","background-repeat":"repeat","background-position":"center center","background-size":"auto","background-attachment":"scroll","background-type":"","background-media":"","overlay-type":"","overlay-color":"","overlay-gradient":""},"tablet":{"background-color":"var(--ast-global-color-5)","background-image":"","background-repeat":"repeat","background-position":"center center","background-size":"auto","background-attachment":"scroll","background-type":"","background-media":"","overlay-type":"","overlay-color":"","overlay-gradient":""},"mobile":{"background-color":"var(--ast-global-color-5)","background-image":"","background-repeat":"repeat","background-position":"center center","background-size":"auto","background-attachment":"scroll","background-type":"","background-media":"","overlay-type":"","overlay-color":"","overlay-gradient":""}},"footnotes":""},"class_list":["post-2059","page","type-page","status-publish","hentry"],"yoast_head":"<!-- This site is optimized with the Yoast SEO Premium plugin v21.5 (Yoast SEO v21.5) - https:\/\/yoast.com\/wordpress\/plugins\/seo\/ -->\n<title>Acerca de | AUAGRE<\/title>\n<meta name=\"robots\" content=\"index, follow, max-snippet:-1, max-image-preview:large, max-video-preview:-1\" \/>\n<link rel=\"canonical\" href=\"https:\/\/www.auagre.com\/es\/acerca-de\/\" \/>\n<meta property=\"og:locale\" content=\"es_ES\" \/>\n<meta property=\"og:type\" content=\"article\" \/>\n<meta property=\"og:title\" content=\"Acerca de\" \/>\n<meta property=\"og:description\" content=\"Qui\u00e9nes somos Soluciones industriales de alta calidad Proporcionamos soluciones innovadoras en tecnolog\u00eda de eyectores y torres de refrigeraci\u00f3n. Desde el a\u00f1o 2000, nuestro equipo se ha dedicado a mejorar la tecnolog\u00eda actual de eyectores y torres de refrigeraci\u00f3n. AUAGRE se fund\u00f3 en Chengdu (China) en 2000. A d\u00eda de hoy, hemos establecido nuestra oficina en [&hellip;]\" \/>\n<meta property=\"og:url\" content=\"https:\/\/www.auagre.com\/es\/acerca-de\/\" \/>\n<meta property=\"og:site_name\" content=\"AUAGRE\" \/>\n<meta property=\"article:publisher\" content=\"https:\/\/www.facebook.com\/auagreejector\" \/>\n<meta property=\"article:modified_time\" content=\"2024-01-17T03:16:44+00:00\" \/>\n<meta name=\"twitter:card\" content=\"summary_large_image\" \/>\n<meta name=\"twitter:site\" content=\"@AuagreEjector\" \/>\n<meta name=\"twitter:label1\" content=\"Tiempo de lectura\" \/>\n\t<meta name=\"twitter:data1\" content=\"1 minuto\" \/>\n<script type=\"application\/ld+json\" class=\"yoast-schema-graph\">{\"@context\":\"https:\/\/schema.org\",\"@graph\":[{\"@type\":\"WebPage\",\"@id\":\"https:\/\/www.auagre.com\/es\/acerca-de\/\",\"url\":\"https:\/\/www.auagre.com\/es\/acerca-de\/\",\"name\":\"Acerca de | AUAGRE\",\"isPartOf\":{\"@id\":\"https:\/\/www.auagre.com\/es\/#website\"},\"datePublished\":\"2018-11-26T12:45:57+00:00\",\"dateModified\":\"2024-01-17T03:16:44+00:00\",\"breadcrumb\":{\"@id\":\"https:\/\/www.auagre.com\/es\/acerca-de\/#breadcrumb\"},\"inLanguage\":\"es\",\"potentialAction\":[{\"@type\":\"ReadAction\",\"target\":[\"https:\/\/www.auagre.com\/es\/acerca-de\/\"]}]},{\"@type\":\"BreadcrumbList\",\"@id\":\"https:\/\/www.auagre.com\/es\/acerca-de\/#breadcrumb\",\"itemListElement\":[{\"@type\":\"ListItem\",\"position\":1,\"name\":\"homepage\",\"item\":\"https:\/\/www.auagre.com\/es\/inicio\/\"},{\"@type\":\"ListItem\",\"position\":2,\"name\":\"Acerca de\"}]},{\"@type\":\"WebSite\",\"@id\":\"https:\/\/www.auagre.com\/es\/#website\",\"url\":\"https:\/\/www.auagre.com\/es\/\",\"name\":\"AUAGRE\",\"description\":\"Energy saving Ejector vacuum systems and industrial cooling tower solutions\",\"publisher\":{\"@id\":\"https:\/\/www.auagre.com\/es\/#organization\"},\"potentialAction\":[{\"@type\":\"SearchAction\",\"target\":{\"@type\":\"EntryPoint\",\"urlTemplate\":\"https:\/\/www.auagre.com\/es\/?s={search_term_string}\"},\"query-input\":\"required name=search_term_string\"}],\"inLanguage\":\"es\"},{\"@type\":\"Organization\",\"@id\":\"https:\/\/www.auagre.com\/es\/#organization\",\"name\":\"AUAGRE EJECTOR\",\"url\":\"https:\/\/www.auagre.com\/es\/\",\"logo\":{\"@type\":\"ImageObject\",\"inLanguage\":\"es\",\"@id\":\"https:\/\/www.auagre.com\/es\/#\/schema\/logo\/image\/\",\"url\":\"https:\/\/www.auagre.com\/wp-content\/uploads\/2023\/11\/AUAGRE-logos_white-e1699652545112.png\",\"contentUrl\":\"https:\/\/www.auagre.com\/wp-content\/uploads\/2023\/11\/AUAGRE-logos_white-e1699652545112.png\",\"width\":652,\"height\":362,\"caption\":\"AUAGRE EJECTOR\"},\"image\":{\"@id\":\"https:\/\/www.auagre.com\/es\/#\/schema\/logo\/image\/\"},\"sameAs\":[\"https:\/\/www.facebook.com\/auagreejector\",\"https:\/\/twitter.com\/AuagreEjector\",\"https:\/\/www.linkedin.com\/company\/auagreejector\"],\"actionableFeedbackPolicy\":\"https:\/\/www.auagre.com\/product\/\",\"correctionsPolicy\":\"https:\/\/www.auagre.com\/product\/\"}]}<\/script>\n<!-- \/ Yoast SEO Premium plugin. -->","yoast_head_json":{"title":"Acerca de | AUAGRE","robots":{"index":"index","follow":"follow","max-snippet":"max-snippet:-1","max-image-preview":"max-image-preview:large","max-video-preview":"max-video-preview:-1"},"canonical":"https:\/\/www.auagre.com\/es\/acerca-de\/","og_locale":"es_ES","og_type":"article","og_title":"Acerca de","og_description":"Qui\u00e9nes somos Soluciones industriales de alta calidad Proporcionamos soluciones innovadoras en tecnolog\u00eda de eyectores y torres de refrigeraci\u00f3n. Desde el a\u00f1o 2000, nuestro equipo se ha dedicado a mejorar la tecnolog\u00eda actual de eyectores y torres de refrigeraci\u00f3n. AUAGRE se fund\u00f3 en Chengdu (China) en 2000. A d\u00eda de hoy, hemos establecido nuestra oficina en [&hellip;]","og_url":"https:\/\/www.auagre.com\/es\/acerca-de\/","og_site_name":"AUAGRE","article_publisher":"https:\/\/www.facebook.com\/auagreejector","article_modified_time":"2024-01-17T03:16:44+00:00","twitter_card":"summary_large_image","twitter_site":"@AuagreEjector","twitter_misc":{"Tiempo de lectura":"1 minuto"},"schema":{"@context":"https:\/\/schema.org","@graph":[{"@type":"WebPage","@id":"https:\/\/www.auagre.com\/es\/acerca-de\/","url":"https:\/\/www.auagre.com\/es\/acerca-de\/","name":"Acerca de | AUAGRE","isPartOf":{"@id":"https:\/\/www.auagre.com\/es\/#website"},"datePublished":"2018-11-26T12:45:57+00:00","dateModified":"2024-01-17T03:16:44+00:00","breadcrumb":{"@id":"https:\/\/www.auagre.com\/es\/acerca-de\/#breadcrumb"},"inLanguage":"es","potentialAction":[{"@type":"ReadAction","target":["https:\/\/www.auagre.com\/es\/acerca-de\/"]}]},{"@type":"BreadcrumbList","@id":"https:\/\/www.auagre.com\/es\/acerca-de\/#breadcrumb","itemListElement":[{"@type":"ListItem","position":1,"name":"homepage","item":"https:\/\/www.auagre.com\/es\/inicio\/"},{"@type":"ListItem","position":2,"name":"Acerca de"}]},{"@type":"WebSite","@id":"https:\/\/www.auagre.com\/es\/#website","url":"https:\/\/www.auagre.com\/es\/","name":"AUAGRE","description":"Energy saving Ejector vacuum systems and industrial cooling tower solutions","publisher":{"@id":"https:\/\/www.auagre.com\/es\/#organization"},"potentialAction":[{"@type":"SearchAction","target":{"@type":"EntryPoint","urlTemplate":"https:\/\/www.auagre.com\/es\/?s={search_term_string}"},"query-input":"required name=search_term_string"}],"inLanguage":"es"},{"@type":"Organization","@id":"https:\/\/www.auagre.com\/es\/#organization","name":"AUAGRE EJECTOR","url":"https:\/\/www.auagre.com\/es\/","logo":{"@type":"ImageObject","inLanguage":"es","@id":"https:\/\/www.auagre.com\/es\/#\/schema\/logo\/image\/","url":"https:\/\/www.auagre.com\/wp-content\/uploads\/2023\/11\/AUAGRE-logos_white-e1699652545112.png","contentUrl":"https:\/\/www.auagre.com\/wp-content\/uploads\/2023\/11\/AUAGRE-logos_white-e1699652545112.png","width":652,"height":362,"caption":"AUAGRE EJECTOR"},"image":{"@id":"https:\/\/www.auagre.com\/es\/#\/schema\/logo\/image\/"},"sameAs":["https:\/\/www.facebook.com\/auagreejector","https:\/\/twitter.com\/AuagreEjector","https:\/\/www.linkedin.com\/company\/auagreejector"],"actionableFeedbackPolicy":"https:\/\/www.auagre.com\/product\/","correctionsPolicy":"https:\/\/www.auagre.com\/product\/"}]}},"uagb_featured_image_src":{"full":false,"thumbnail":false,"medium":false,"medium_large":false,"large":false,"1536x1536":false,"2048x2048":false},"uagb_author_info":{"display_name":"AUAGRE","author_link":"https:\/\/www.auagre.com\/es\/author\/auagre\/"},"uagb_comment_info":0,"uagb_excerpt":"Qui\u00e9nes somos Soluciones industriales de alta calidad Proporcionamos soluciones innovadoras en tecnolog\u00eda de eyectores y torres de refrigeraci\u00f3n. Desde el a\u00f1o 2000, nuestro equipo se ha dedicado a mejorar la tecnolog\u00eda actual de eyectores y torres de refrigeraci\u00f3n. AUAGRE se fund\u00f3 en Chengdu (China) en 2000. A d\u00eda de hoy, hemos establecido nuestra oficina en&hellip;","_links":{"self":[{"href":"https:\/\/www.auagre.com\/es\/wp-json\/wp\/v2\/pages\/2059","targetHints":{"allow":["GET"]}}],"collection":[{"href":"https:\/\/www.auagre.com\/es\/wp-json\/wp\/v2\/pages"}],"about":[{"href":"https:\/\/www.auagre.com\/es\/wp-json\/wp\/v2\/types\/page"}],"author":[{"embeddable":true,"href":"https:\/\/www.auagre.com\/es\/wp-json\/wp\/v2\/users\/1"}],"replies":[{"embeddable":true,"href":"https:\/\/www.auagre.com\/es\/wp-json\/wp\/v2\/comments?post=2059"}],"version-history":[{"count":1,"href":"https:\/\/www.auagre.com\/es\/wp-json\/wp\/v2\/pages\/2059\/revisions"}],"predecessor-version":[{"id":2060,"href":"https:\/\/www.auagre.com\/es\/wp-json\/wp\/v2\/pages\/2059\/revisions\/2060"}],"wp:attachment":[{"href":"https:\/\/www.auagre.com\/es\/wp-json\/wp\/v2\/media?parent=2059"}],"curies":[{"name":"wp","href":"https:\/\/api.w.org\/{rel}","templated":true}]}}